{"id":3,"date":"2023-01-13T23:46:25","date_gmt":"2023-01-13T22:46:25","guid":{"rendered":"https:\/\/www.zorarihova.cz\/?page_id=3"},"modified":"2024-01-26T11:23:24","modified_gmt":"2024-01-26T10:23:24","slug":"ochrana-osobnich-udaju","status":"publish","type":"page","link":"https:\/\/www.zorarihova.cz\/index.php\/ochrana-osobnich-udaju\/","title":{"rendered":"Z\u00e1sady ochrany osobn\u00edch \u00fadaj\u016f"},"content":{"rendered":"\t\t<div data-elementor-type=\"wp-page\" data-elementor-id=\"3\" class=\"elementor elementor-3\" data-elementor-post-type=\"page\">\n\t\t\t\t\t\t\t<div class=\"elementor-element elementor-element-c72c357 e-flex e-con-boxed e-con e-parent\" data-id=\"c72c357\" data-element_type=\"container\" data-settings=\"{&quot;content_width&quot;:&quot;boxed&quot;}\" data-core-v316-plus=\"true\">\n\t\t\t\t\t<div class=\"e-con-inner\">\n\t\t\t\t<div class=\"elementor-element elementor-element-2fc030b7 elementor-widget elementor-widget-text-editor\" data-id=\"2fc030b7\" data-element_type=\"widget\" data-widget_type=\"text-editor.default\">\n\t\t\t\t<div class=\"elementor-widget-container\">\n\t\t\t<style>\/*! elementor - v3.18.0 - 06-12-2023 *\/\n.elementor-widget-text-editor.elementor-drop-cap-view-stacked .elementor-drop-cap{background-color:#69727d;color:#fff}.elementor-widget-text-editor.elementor-drop-cap-view-framed .elementor-drop-cap{color:#69727d;border:3px solid;background-color:transparent}.elementor-widget-text-editor:not(.elementor-drop-cap-view-default) .elementor-drop-cap{margin-top:8px}.elementor-widget-text-editor:not(.elementor-drop-cap-view-default) .elementor-drop-cap-letter{width:1em;height:1em}.elementor-widget-text-editor .elementor-drop-cap{float:left;text-align:center;line-height:1;font-size:50px}.elementor-widget-text-editor .elementor-drop-cap-letter{display:inline-block}<\/style>\t\t\t\t<p>OCHRANA OSOBN\u00cdCH \u00daDAJ\u016e<\/p>\n<p>D\u011bkuji za\u00a0Va\u0161i n\u00e1v\u0161t\u011bvu na\u00a0m\u00fdch str\u00e1nk\u00e1ch, t\u011b\u0161\u00ed m\u011b V\u00e1\u0161 z\u00e1jem. Beru ochranu va\u0161ich soukrom\u00fdch \u00fadaj\u016f v\u00e1\u017en\u011b a\u00a0chci, abyste se p\u0159i n\u00e1v\u0161t\u011bv\u011b m\u00fdch\u00a0internetov\u00fdch str\u00e1nek c\u00edtili dob\u0159e.<\/p>\n<p>Pokud jste m\u00fdm z\u00e1kazn\u00edkem, odb\u011bratelem novinek nebo n\u00e1v\u0161t\u011bvn\u00edkem webu, sv\u011b\u0159ujete mi sv\u00e9 osobn\u00ed \u00fadaje. J\u00e1 zodpov\u00edd\u00e1m za\u00a0jejich ochranu a\u00a0zabezpe\u010den\u00ed. Seznamte se, pros\u00edm, s\u00a0ochranou osobn\u00edch \u00fadaj\u016f, z\u00e1sadami a\u00a0pr\u00e1vy, kter\u00e9 m\u00e1te v\u00a0souvislosti s\u00a0GDPR (Na\u0159\u00edzen\u00ed o\u00a0ochran\u011b osobn\u00edch \u00fadaj\u016f).\u00a0<\/p>\n<p>\u00a0<\/p>\n<p><u>Kdo je spr\u00e1vce?\u00a0<\/u><\/p>\n<p>\u00a0Zora \u0158\u00edhov\u00e1, bydli\u0161t\u011bm Praha 8,K\u0159i\u017e\u00edkova 78, \u00a0narozena 24.1.1948, I\u010c: 13798600\u00a0 a\u00a0provozuji webovou str\u00e1nku <a href=\"http:\/\/www.zorarihova.cz\">www.zorarihova.cz<\/a> a <a href=\"http:\/\/www.spokojeneemoce.cz\" target=\"_blank\" rel=\"noopener\">www.spokojeneemoce.cz<\/a><\/p>\n<p>\u00a0Va\u0161e osobn\u00ed \u00fadaje zpracov\u00e1v\u00e1m jako spr\u00e1vce, tj. ur\u010duji, jak budou osobn\u00ed \u00fadaje zpracov\u00e1v\u00e1ny a\u00a0za jak\u00fdm \u00fa\u010delem, po\u00a0jak dlouhou dobu a\u00a0vyb\u00edr\u00e1m p\u0159\u00edpadn\u00e9 dal\u0161\u00ed zpracovatele, kte\u0159\u00ed mi se zpracov\u00e1n\u00edm budou pom\u00e1hat.\u00a0<\/p>\n<p><u>\u00a0<\/u><\/p>\n<p><u>Kontaktn\u00ed \u00fadaje<\/u><\/p>\n<p>\u00a0Pokud se m\u011b budete cht\u00edt v\u00a0pr\u016fb\u011bhu zpracov\u00e1n\u00ed obr\u00e1tit, m\u016f\u017eete m\u011b kontaktovat na\u00a0tel. \u010d\u00edsle 603874548 nebo na\u00a0e-mail: zora@zorarihova.cz.\u00a0<\/p>\n<p>\u00a0<\/p>\n<p>Prohla\u0161uji,\u00a0\u017ee jako spr\u00e1vce va\u0161ich osobn\u00edch \u00fadaj\u016f spl\u0148uji ve\u0161ker\u00e9 z\u00e1konn\u00e9 povinnosti vy\u017eadovan\u00e9 platnou legislativou, zejm\u00e9na z\u00e1konem o\u00a0ochran\u011b osobn\u00edch \u00fadaj\u016f a\u00a0GDPR, a\u00a0tedy \u017ee:<\/p>\n<p>\u00a0<\/p>\n<ul>\n<li>budu zpracov\u00e1vat va\u0161e osobn\u00ed \u00fadaje jen na\u00a0z\u00e1klad\u011b platn\u00e9ho pr\u00e1vn\u00edho d\u016fvodu, a\u00a0to p\u0159edev\u0161\u00edm opr\u00e1vn\u011bn\u00e9ho z\u00e1jmu, pln\u011bn\u00ed smlouvy,\u00a0<\/li>\n<\/ul>\n<p>\u00a0 z\u00e1konn\u00e9 povinnosti \u010di ud\u011blen\u00e9ho souhlasu\u00a0<\/p>\n<ul>\n<li>pln\u00edm dle \u010dl\u00e1nku 13 GDPR informa\u010dn\u00ed povinnost je\u0161t\u011b p\u0159ed zah\u00e1jen\u00edm zpracov\u00e1n\u00ed osobn\u00edch \u00fadaj\u016f,<\/li>\n<li>v\u00e1m\u00a0umo\u017en\u00edm a\u00a0budu v\u00e1s podporovat v\u00a0uplat\u0148ov\u00e1n\u00ed a\u00a0pln\u011bn\u00ed va\u0161ich pr\u00e1v podle z\u00e1kona o\u00a0ochran\u011b osobn\u00edch \u00fadaj\u016f a\u00a0GDPR\u00a0<\/li>\n<\/ul>\n<p>\u00a0<\/p>\n<p><u>Rozsah osobn\u00edch \u00fadaj\u016f a\u00a0\u00fa\u010dely zpracov\u00e1n\u00ed\u00a0<\/u><\/p>\n<p>Zpracov\u00e1v\u00e1m osobn\u00ed \u00fadaje, kter\u00e9 mi sv\u011b\u0159\u00edte sami, a\u00a0to z\u00a0n\u00e1sleduj\u00edc\u00edch d\u016fvod\u016f (pro napln\u011bn\u00ed t\u011bchto \u00fa\u010del\u016f):\u00a0<\/p>\n<ul>\n<li>poskytov\u00e1n\u00ed slu\u017eeb, pln\u011bn\u00ed smlouvy\u00a0\u00a0<\/li>\n<li>va\u0161e osobn\u00ed \u00fadaje v\u00a0rozsahu: e-mail, faktura\u010dn\u00ed adresa nezbytn\u011b pot\u0159ebujeme k\u00a0pln\u011bn\u00ed smlouvy (nap\u0159. zasl\u00e1n\u00ed p\u0159\u00edstup\u016f do\u00a0aplikace,\u00a0<\/li>\n<li>zas\u00edl\u00e1n\u00ed online kurzu, dod\u00e1n\u00ed\u00a0zbo\u017e\u00ed,\u00a0atd.).\u00a0<\/li>\n<li>veden\u00ed \u00fa\u010detnictv\u00ed\u00a0\u00a0<\/li>\n<li>jste-li z\u00e1kazn\u00edky, va\u0161e osobn\u00ed \u00fadaje (faktura\u010dn\u00ed \u00fadaje) nezbytn\u011b pot\u0159ebujeme, abychom vyhov\u011bli z\u00e1konn\u00e9 povinnosti pro vystavov\u00e1n\u00ed a evidenci da\u0148ov\u00fdch doklad\u016f.\u00a0<\/li>\n<li>marketing &#8211; zas\u00edl\u00e1n\u00ed\u00a0newsletter.\u00a0\u00a0<\/li>\n<\/ul>\n<p>\u00a0Va\u0161e osobn\u00ed \u00fadaje (e-mail a\u00a0jm\u00e9no), pohlav\u00ed, na\u00a0co klik\u00e1te v\u00a0e-mailu a\u00a0kdy je nej\u010dast\u011bji otev\u00edr\u00e1te vyu\u017e\u00edv\u00e1me za\u00a0\u00fa\u010delem p\u0159\u00edm\u00e9ho\u00a0marketing:<br \/>\u00a0 \u00a0 &#8211;\u00a0\u00a0\u00a0\u00a0 zas\u00edl\u00e1n\u00ed\u00a0obchodn\u00edch sd\u011blen\u00ed. Jste-li na\u0161\u00edm z\u00e1kazn\u00edkem, d\u011bl\u00e1me tak z\u00a0opr\u00e1vn\u011bn\u00e9ho z\u00e1jmu, nebo\u0165 d\u016fvodn\u011b p\u0159edpokl\u00e1d\u00e1me, \u017ee v\u00e1s na\u0161e \u00a0 \u00a0novinky zaj\u00edmaj\u00ed, a\u00a0to po\u00a0dobu 5 let od posledn\u00ed objedn\u00e1vky.\u00a0\u00a0\u00a0Pokud nejste na\u0161\u00edm z\u00e1kazn\u00edkem, zas\u00edl\u00e1me v\u00e1m newslettery jen na\u00a0z\u00e1klad\u011b va\u0161eho souhlasu,\u00a0po dobu 5 let od ud\u011blen\u00ed. \u00a0V\u00a0obou p\u0159\u00edpadech\u00a0 \u00a0 \u00a0m\u016f\u017eete tento souhlas odvolat pou\u017eit\u00edm\u00a0odhla\u0161ovac\u00edho odkazu v\u00a0ka\u017ed\u00e9m zaslan\u00e9m e-mailu.\u00a0<\/p>\n<ul>\n<li>pokro\u010dil\u00fd marketing na\u00a0z\u00e1klad\u011b souhlasu.\u00a0 Pouze na\u00a0z\u00e1klad\u011b va\u0161eho souhlasu v\u00e1m m\u016f\u017eeme zas\u00edlat tak\u00e9 inspiruj\u00edc\u00ed nab\u00eddky t\u0159et\u00edch osob nebo vyu\u017e\u00edt e-mailovou adresu nap\u0159.<br \/>pro\u00a0remarketing\u00a0a c\u00edlen\u00ed reklamy na\u00a0Facebooku, a\u00a0to po\u00a0dobu 5 let od ud\u011blen\u00ed souhlasu. Ten lze samoz\u0159ejm\u011b kdykoli odvolat prost\u0159ednictv\u00edm na\u0161ich kontaktn\u00edch \u00fadaj\u016f.\u00a0<\/li>\n<\/ul>\n<p>Va\u0161e osobn\u00ed \u00fadaje si ponech\u00e1v\u00e1me po\u00a0dobu b\u011bhu proml\u010dec\u00edch lh\u016ft, pokud z\u00e1kon nestanov\u00ed del\u0161\u00ed dobu k\u00a0jejich uchov\u00e1n\u00ed nebo jsme v\u00a0konkr\u00e9tn\u00edch p\u0159\u00edpadech neuvedli jinak.\u00a0<\/p>\n<p>\u00a0<\/p>\n<p><u>Cookies\u00a0<br \/><\/u>P\u0159i proch\u00e1zen\u00ed m\u00fdch webov\u00fdch str\u00e1nek zaznamen\u00e1v\u00e1me va\u0161i IP adresu, jak dlouho se na\u00a0str\u00e1nce zdr\u017e\u00edte a\u00a0ze kter\u00e9 str\u00e1nky p\u0159ich\u00e1z\u00edte. Pou\u017e\u00edv\u00e1n\u00ed cookies pro m\u011b\u0159en\u00ed n\u00e1v\u0161t\u011bvnosti webu a\u00a0p\u0159izp\u016fsoben\u00ed zobrazen\u00ed webov\u00fdch str\u00e1nek vn\u00edm\u00e1me jako sv\u016fj opr\u00e1vn\u011bn\u00fd z\u00e1jem spr\u00e1vce, nebo\u0165 v\u011b\u0159\u00edme, \u017ee d\u00edky tomu v\u00e1m m\u016f\u017eeme nab\u00eddnout je\u0161t\u011b lep\u0161\u00ed slu\u017eby.\u00a0<\/p>\n<p>Cookies pro c\u00edlen\u00ed reklamy budou zpracov\u00e1v\u00e1ny jen na\u00a0z\u00e1klad\u011b va\u0161eho souhlasu.\u00a0<br \/>Moje webov\u00e9 str\u00e1nky lze proch\u00e1zet tak\u00e9 v\u00a0re\u017eimu, kter\u00fd neumo\u017e\u0148uje sb\u00edr\u00e1n\u00ed osobn\u00edch \u00fadaj\u016f. Pou\u017e\u00edv\u00e1n\u00ed cookies m\u016f\u017eete na\u00a0sv\u00e9m po\u010d\u00edta\u010di zak\u00e1zat.\u00a0<\/p>\n<p>\u00a0<\/p>\n<p><u>Zabezpe\u010den\u00ed a\u00a0ochrana osobn\u00edch \u00fadaj\u016f\u00a0<\/u><\/p>\n<p>Chr\u00e1n\u00edm osobn\u00ed \u00fadaje v\u00a0maxim\u00e1ln\u00ed mo\u017en\u00e9 m\u00ed\u0159e pomoc\u00ed modern\u00edch technologi\u00ed, kter\u00e9 odpov\u00eddaj\u00ed stupni technick\u00e9ho rozvoje. Chr\u00e1n\u00edm je jako kdyby byly na\u0161e vlastn\u00ed. P\u0159ijala jsem a\u00a0udr\u017euji ve\u0161ker\u00e1 mo\u017en\u00e1 (aktu\u00e1ln\u011b zn\u00e1m\u00e1) technick\u00e1 a\u00a0organiza\u010dn\u00ed opat\u0159en\u00ed, kter\u00e1 zamezuj\u00ed zneu\u017eit\u00ed, po\u0161kozen\u00ed nebo zni\u010den\u00ed va\u0161ich osobn\u00edch \u00fadaj\u016f.\u00a0<\/p>\n<p>\u00a0<\/p>\n<p><u>P\u0159ed\u00e1n\u00ed osobn\u00edch \u00fadaj\u016f t\u0159et\u00edm osob\u00e1m\u00a0<\/u><\/p>\n<p>Pro zaji\u0161t\u011bn\u00ed konkr\u00e9tn\u00edch zpracovatelsk\u00fdch operac\u00ed, kter\u00e9 nedok\u00e1\u017ei zajistit vlastn\u00edmi silami, vyu\u017e\u00edv\u00e1m slu\u017eeb a\u00a0aplikac\u00ed zpracovatel\u016f, kte\u0159\u00ed um\u00ed data ochr\u00e1nit je\u0161t\u011b l\u00e9pe ne\u017e j\u00e1 a\u00a0na dan\u00e9 zpracov\u00e1n\u00ed se specializuj\u00ed.\u00a0<\/p>\n<p>Je mo\u017en\u00e9, \u017ee se v\u00a0budoucnu rozhodnu vyu\u017e\u00edt dal\u0161\u00ed aplikace \u010di zpracovatele, pro usnadn\u011bn\u00ed a\u00a0zkvalitn\u011bn\u00ed zpracov\u00e1n\u00ed. Slibuji v\u00e1m v\u0161ak, \u017ee v\u00a0takov\u00e9m p\u0159\u00edpad\u011b p\u0159i v\u00fdb\u011bru, budu na\u00a0zpracovatele kl\u00e1st minim\u00e1ln\u011b stejn\u00e9 n\u00e1roky na\u00a0zabezpe\u010den\u00ed a\u00a0kvalitu zpracov\u00e1n\u00ed jako na\u00a0sebe.\u00a0<\/p>\n<p>\u00a0<\/p>\n<p><u>P\u0159ed\u00e1v\u00e1n\u00ed dat mimo Evropskou unii<\/u>\u00a0\u00a0<br \/>Data zpracov\u00e1v\u00e1me v\u00fdhradn\u011b v\u00a0Evropsk\u00e9 unii nebo v\u00a0zem\u00edch, kter\u00e9 zaji\u0161\u0165uj\u00ed odpov\u00eddaj\u00edc\u00ed \u00farove\u0148 ochrany na\u00a0z\u00e1klad\u011b rozhodnut\u00ed Evropsk\u00e9 komise.\u00a0 Va\u0161e pr\u00e1va v\u00a0souvislosti s\u00a0ochranou osobn\u00edch \u00fadaj\u016f:\u00a0<\/p>\n<p>V souvislosti s\u00a0ochranou osobn\u00edch \u00fadaj\u016f m\u00e1te \u0159adu pr\u00e1v. Pokud budete cht\u00edt n\u011bkter\u00e9ho z\u00a0t\u011bchto pr\u00e1v vyu\u017e\u00edt, pros\u00edm, kontaktujte m\u011b prost\u0159ednictv\u00edm\u00a0e-mailu: zora@zorarihova.cz .\u00a0<\/p>\n<p>M\u00e1te\u00a0pr\u00e1vo na\u00a0informace, kter\u00e9 je pln\u011bno ji\u017e touto informa\u010dn\u00ed str\u00e1nkou se z\u00e1sadami \u00a0zpracov\u00e1n\u00ed osobn\u00edch \u00fadaj\u016f.\u00a0<br \/>D\u00edky\u00a0pr\u00e1vu na\u00a0p\u0159\u00edstup\u00a0m\u011b m\u016f\u017eete kdykoli vyzvat a\u00a0j\u00e1 v\u00e1m dolo\u017e\u00edm ve lh\u016ft\u011b 14 dn\u00ed, jak\u00e9 va\u0161e osobn\u00ed \u00fadaje zpracov\u00e1v\u00e1m a\u00a0pro\u010d.\u00a0<br \/>Pokud se u\u00a0v\u00e1s n\u011bco zm\u011bn\u00ed nebo shled\u00e1te sv\u00e9 osobn\u00ed \u00fadaje neaktu\u00e1ln\u00ed nebo ne\u00fapln\u00e9, m\u00e1te\u00a0pr\u00e1vo na\u00a0dopln\u011bn\u00ed a\u00a0zm\u011bnu\u00a0osobn\u00edch \u00fadaj\u016f.\u00a0<\/p>\n<p>Pr\u00e1vo na\u00a0omezen\u00ed zpracov\u00e1n\u00ed m\u016f\u017eete vyu\u017e\u00edt, pokud se domn\u00edv\u00e1te, \u017ee zpracov\u00e1v\u00e1m va\u0161e nep\u0159esn\u00e9 \u00fadaje, domn\u00edv\u00e1te se, \u017ee prov\u00e1d\u00edm zpracov\u00e1n\u00ed nez\u00e1konn\u011b, ale nechcete v\u0161echny \u00fadaje smazat nebo pokud jste vznesl n\u00e1mitku proti zpracov\u00e1n\u00ed.\u00a0<br \/>Omezit m\u016f\u017eete rozsah osobn\u00edch \u00fadaj\u016f nebo \u00fa\u010del\u016f zpracov\u00e1n\u00ed. (Nap\u0159. odhl\u00e1\u0161en\u00edm z\u00a0newsletteru omezujete \u00fa\u010del zpracov\u00e1n\u00ed pro zas\u00edl\u00e1n\u00ed obchodn\u00edch sd\u011blen\u00ed.)\u00a0<\/p>\n<p>\u00a0<\/p>\n<p>P<u>r\u00e1vo na\u00a0p\u0159enositelnos<\/u>t\u00a0<br \/>Pokud byste cht\u011bli sv\u00e9 osobn\u00ed \u00fadaje vz\u00edt a\u00a0p\u0159en\u00e9st k\u00a0n\u011bkomu jin\u00e9mu, budeme postupovat stejn\u011b jako p\u0159i vyu\u017eit\u00ed pr\u00e1va na\u00a0p\u0159\u00edstup &#8211; jen\u00a0s t\u00edm rozd\u00edlem, \u017ee v\u00e1m informace po\u0161lu ve strojov\u011b \u010diteln\u00e9 podob\u011b. Tady pot\u0159ebuji alespo\u0148 14 dn\u00ed.\u00a0<\/p>\n<p>Pr\u00e1vo na\u00a0v\u00fdmaz (b\u00fdt zapomenut) Va\u0161\u00edm dal\u0161\u00edm pr\u00e1vem je pr\u00e1vo na\u00a0v\u00fdmaz (b\u00fdt zapomenut). Nechci na\u00a0v\u00e1s zapomenout, ale pokud si to budete p\u0159\u00e1t, m\u00e1te na\u00a0to pr\u00e1vo. V\u00a0takov\u00e9m p\u0159\u00edpad\u011b vyma\u017ei ve\u0161ker\u00e9 va\u0161e osobn\u00ed \u00fadaje ze sv\u00e9ho syst\u00e9mu i\u00a0ze syst\u00e9mu v\u0161ech d\u00edl\u010d\u00edch zpracovatel\u016f a\u00a0z\u00e1loh. Na\u00a0zaji\u0161t\u011bn\u00ed pr\u00e1va na\u00a0v\u00fdmaz pot\u0159ebuji 14 dn\u00ed.\u00a0<\/p>\n<p>V n\u011bkter\u00fdch p\u0159\u00edpadech jsem v\u00e1z\u00e1na z\u00e1konnou povinnost\u00ed, a\u00a0nap\u0159. mus\u00edm evidovat vystaven\u00e9 da\u0148ov\u00e9 doklady po\u00a0lh\u016ftu stanovenou z\u00e1konem. V\u00a0tomto p\u0159\u00edpad\u011b tedy sma\u017ei v\u0161echny takov\u00e9 osobn\u00ed \u00fadaje, kter\u00e9 nejsou v\u00e1z\u00e1ny jin\u00fdm z\u00e1konem. O\u00a0dokon\u010den\u00ed v\u00fdmazu v\u00e1s budu informovat na\u00a0e-mail.\u00a0<\/p>\n<p>\u00a0<\/p>\n<p><u>St\u00ed\u017enost u\u00a0\u00da\u0159adu na\u00a0ochranu osobn\u00edch \u00fadaj\u016f\u00a0\u00a0<\/u><br \/>Pokud m\u00e1te pocit, \u017ee s\u00a0va\u0161imi \u00fadaji nezach\u00e1z\u00edm v\u00a0souladu se z\u00e1konem, m\u00e1te pr\u00e1vo se se svou st\u00ed\u017enost\u00ed kdykoli obr\u00e1tit na\u00a0\u00da\u0159ad pro ochranu osobn\u00edch \u00fadaj\u016f. Budu\u00a0r\u00e1da,\u00a0pokud nejprve budete o\u00a0tomto podez\u0159en\u00ed informovat m\u011b, abych s\u00a0t\u00edm mohla n\u011bco ud\u011blat a\u00a0p\u0159\u00edpadn\u00e9 pochyben\u00ed napravit.\u00a0<\/p>\n<p>\u00a0<\/p>\n<p><u>Odhl\u00e1\u0161en\u00ed ze zas\u00edl\u00e1n\u00ed newsletter\u016f a\u00a0obchodn\u00edch sd\u011blen\u00ed<\/u>\u00a0\u00a0<br \/>E-maily s\u00a0inspirac\u00ed, \u010dl\u00e1nky \u010di produkty a\u00a0slu\u017ebami v\u00e1m zas\u00edl\u00e1me jste-li m\u016fj z\u00e1kazn\u00edk na\u00a0z\u00e1klad\u011b m\u00e9ho opr\u00e1vn\u011bn\u00e9ho z\u00e1jmu.\u00a0Pokud z\u00e1kazn\u00edkem je\u0161t\u011b nejste, pos\u00edl\u00e1m v\u00e1m je jen na\u00a0z\u00e1klad\u011b va\u0161eho souhlasu. V\u00a0obou p\u0159\u00edpadech m\u016f\u017eete ukon\u010dit odb\u011br m\u00fdch e-mail\u016f stisknut\u00edm odhla\u0161ovac\u00edho odkazu v\u00a0ka\u017ed\u00e9m zaslan\u00e9m e-mailu.\u00a0<\/p>\n<p>\u00a0<\/p>\n<p>Ml\u010denlivost\u00a0\u00a0<br \/>Dovoluji si V\u00e1s ujistit, \u017ee p\u0159\u00edpadn\u00ed na\u0161i zam\u011bstnanci i\u00a0spolupracovn\u00edci, kte\u0159\u00ed budou zpracov\u00e1vat Va\u0161e osobn\u00ed \u00fadaje, jsou povinni zachov\u00e1vat ml\u010denlivost o\u00a0osobn\u00edch \u00fadaj\u00edch a\u00a0o bezpe\u010dnostn\u00edch opat\u0159en\u00edch, jejich\u017e zve\u0159ejn\u011bn\u00ed by ohrozilo zabezpe\u010den\u00ed Va\u0161ich osobn\u00edch \u00fadaj\u016f. Tato ml\u010denlivost p\u0159itom trv\u00e1 i\u00a0po skon\u010den\u00ed z\u00e1vazkov\u00fdch vztah\u016f s\u00a0n\u00e1mi. Bez va\u0161eho souhlasu nebudou va\u0161e osobn\u00ed \u00fadaje vyd\u00e1ny \u017e\u00e1dn\u00e9 jin\u00e9 t\u0159et\u00ed stran\u011b.\u00a0<\/p>\n<p>Platn\u00e9 od 1.1.2024<\/p>\n<p>\u00a9 2023 Zora \u0158\u00edhov\u00e1<\/p>\t\t\t\t\t\t<\/div>\n\t\t\t\t<\/div>\n\t\t\t\t\t<\/div>\n\t\t\t\t<\/div>\n\t\t\t\t\t\t\t<\/div>\n\t\t","protected":false},"excerpt":{"rendered":"<p>OCHRANA OSOBN\u00cdCH \u00daDAJ\u016e D\u011bkuji za\u00a0Va\u0161i n\u00e1v\u0161t\u011bvu na\u00a0m\u00fdch str\u00e1nk\u00e1ch, t\u011b\u0161\u00ed m\u011b V\u00e1\u0161 z\u00e1jem. Beru ochranu va\u0161ich soukrom\u00fdch \u00fadaj\u016f v\u00e1\u017en\u011b a\u00a0chci, abyste se p\u0159i n\u00e1v\u0161t\u011bv\u011b m\u00fdch\u00a0internetov\u00fdch str\u00e1nek c\u00edtili dob\u0159e. Pokud jste m\u00fdm z\u00e1kazn\u00edkem, odb\u011bratelem novinek nebo n\u00e1v\u0161t\u011bvn\u00edkem webu, sv\u011b\u0159ujete mi sv\u00e9 osobn\u00ed \u00fadaje. J\u00e1 zodpov\u00edd\u00e1m za\u00a0jejich ochranu a\u00a0zabezpe\u010den\u00ed. Seznamte se, pros\u00edm, s\u00a0ochranou osobn\u00edch \u00fadaj\u016f, z\u00e1sadami a\u00a0pr\u00e1vy, kter\u00e9 &hellip;<\/p>\n<p class=\"read-more\"> <a class=\"\" href=\"https:\/\/www.zorarihova.cz\/index.php\/ochrana-osobnich-udaju\/\"> <span class=\"screen-reader-text\">Z\u00e1sady ochrany osobn\u00edch \u00fadaj\u016f<\/span> Pokra\u010dovat ve \u010dten\u00ed &raquo;<\/a><\/p>\n","protected":false},"author":1,"featured_media":0,"parent":0,"menu_order":0,"comment_status":"closed","ping_status":"open","template":"","meta":{"site-sidebar-layout":"default","site-content-layout":"default","ast-global-header-display":"","ast-main-header-display":"","ast-hfb-above-header-display":"","ast-hfb-below-header-display":"","ast-hfb-mobile-header-display":"","site-post-title":"","ast-breadcrumbs-content":"","ast-featured-img":"","footer-sml-layout":"","theme-transparent-header-meta":"","adv-header-id-meta":"","stick-header-meta":"","header-above-stick-meta":"","header-main-stick-meta":"","header-below-stick-meta":"","footnotes":""},"class_list":["post-3","page","type-page","status-publish","hentry"],"_links":{"self":[{"href":"https:\/\/www.zorarihova.cz\/index.php\/wp-json\/wp\/v2\/pages\/3","targetHints":{"allow":["GET"]}}],"collection":[{"href":"https:\/\/www.zorarihova.cz\/index.php\/wp-json\/wp\/v2\/pages"}],"about":[{"href":"https:\/\/www.zorarihova.cz\/index.php\/wp-json\/wp\/v2\/types\/page"}],"author":[{"embeddable":true,"href":"https:\/\/www.zorarihova.cz\/index.php\/wp-json\/wp\/v2\/users\/1"}],"replies":[{"embeddable":true,"href":"https:\/\/www.zorarihova.cz\/index.php\/wp-json\/wp\/v2\/comments?post=3"}],"version-history":[{"count":7,"href":"https:\/\/www.zorarihova.cz\/index.php\/wp-json\/wp\/v2\/pages\/3\/revisions"}],"predecessor-version":[{"id":864,"href":"https:\/\/www.zorarihova.cz\/index.php\/wp-json\/wp\/v2\/pages\/3\/revisions\/864"}],"wp:attachment":[{"href":"https:\/\/www.zorarihova.cz\/index.php\/wp-json\/wp\/v2\/media?parent=3"}],"curies":[{"name":"wp","href":"https:\/\/api.w.org\/{rel}","templated":true}]}}